{"id":177,"date":"2025-06-25T00:14:35","date_gmt":"2025-06-25T00:14:35","guid":{"rendered":"https:\/\/dramarinaamoroso.com.br\/?page_id=177"},"modified":"2025-06-26T14:00:01","modified_gmt":"2025-06-26T14:00:01","slug":"tratamentos","status":"publish","type":"page","link":"https:\/\/dramarinaamoroso.com.br\/?page_id=177","title":{"rendered":"Tratamentos"},"content":{"rendered":"\t\t<div data-elementor-type=\"wp-page\" data-elementor-id=\"177\" class=\"elementor elementor-177\" data-elementor-post-type=\"page\">\n\t\t\t\t<div class=\"elementor-element elementor-element-c60e80f e-flex e-con-boxed e-con e-parent\" data-id=\"c60e80f\" data-element_type=\"container\">\n\t\t\t\t\t<div class=\"e-con-inner\">\n\t\t<div class=\"elementor-element elementor-element-edbee86 e-con-full e-flex e-con e-child\" data-id=\"edbee86\" data-element_type=\"container\">\n\t\t<div class=\"elementor-element elementor-element-46ae485 e-con-full e-flex e-con e-child\" data-id=\"46ae485\" data-element_type=\"container\">\n\t\t\t\t<div class=\"elementor-element elementor-element-3597233 elementor-mobile-align-left elementor-icon-list--layout-traditional elementor-list-item-link-full_width elementor-invisible elementor-widget elementor-widget-icon-list\" data-id=\"3597233\" data-element_type=\"widget\" data-settings=\"{&quot;_animation&quot;:&quot;fadeInUp&quot;}\" data-widget_type=\"icon-list.default\">\n\t\t\t\t\t\t\t<ul class=\"elementor-icon-list-items\">\n\t\t\t\t\t\t\t<li class=\"elementor-icon-list-item\">\n\t\t\t\t\t\t\t\t\t\t\t<span class=\"elementor-icon-list-icon\">\n\t\t\t\t\t\t\t<svg aria-hidden=\"true\" class=\"e-font-icon-svg e-fas-star-of-life\" viewBox=\"0 0 480 512\" xmlns=\"http:\/\/www.w3.org\/2000\/svg\"><path d=\"M471.99 334.43L336.06 256l135.93-78.43c7.66-4.42 10.28-14.2 5.86-21.86l-32.02-55.43c-4.42-7.65-14.21-10.28-21.87-5.86l-135.93 78.43V16c0-8.84-7.17-16-16.01-16h-64.04c-8.84 0-16.01 7.16-16.01 16v156.86L56.04 94.43c-7.66-4.42-17.45-1.79-21.87 5.86L2.15 155.71c-4.42 7.65-1.8 17.44 5.86 21.86L143.94 256 8.01 334.43c-7.66 4.42-10.28 14.21-5.86 21.86l32.02 55.43c4.42 7.65 14.21 10.27 21.87 5.86l135.93-78.43V496c0 8.84 7.17 16 16.01 16h64.04c8.84 0 16.01-7.16 16.01-16V339.14l135.93 78.43c7.66 4.42 17.45 1.8 21.87-5.86l32.02-55.43c4.42-7.65 1.8-17.43-5.86-21.85z\"><\/path><\/svg>\t\t\t\t\t\t<\/span>\n\t\t\t\t\t\t\t\t\t\t<span class=\"elementor-icon-list-text\">O que oferecemos<\/span>\n\t\t\t\t\t\t\t\t\t<\/li>\n\t\t\t\t\t\t<\/ul>\n\t\t\t\t\t\t<\/div>\n\t\t\t\t<div class=\"elementor-element elementor-element-d724ef4 elementor-invisible elementor-widget elementor-widget-heading\" data-id=\"d724ef4\" data-element_type=\"widget\" data-settings=\"{&quot;_animation&quot;:&quot;fadeInUp&quot;,&quot;_animation_delay&quot;:300}\" data-widget_type=\"heading.default\">\n\t\t\t\t\t<h2 class=\"elementor-heading-title elementor-size-default\">Testes e Tratamentos Dispon\u00edveis<\/h2>\t\t\t\t<\/div>\n\t\t\t\t<div class=\"elementor-element elementor-element-2b674d9 elementor-widget elementor-widget-heading\" data-id=\"2b674d9\" data-element_type=\"widget\" data-widget_type=\"heading.default\">\n\t\t\t\t\t<h3 class=\"elementor-heading-title elementor-size-default\">Utilizamos as t\u00e9cnicas mais avan\u00e7adas para diagn\u00f3stico e tratamento, sempre com seguran\u00e7a e precis\u00e3o:<\/h3>\t\t\t\t<\/div>\n\t\t\t\t<div class=\"elementor-element elementor-element-d391845 elementor-align-left elementor-widget__width-auto elementor-widget-tablet__width-auto elementor-widget-mobile__width-auto elementor-widget elementor-widget-button\" data-id=\"d391845\" data-element_type=\"widget\" data-widget_type=\"button.default\">\n\t\t\t\t\t\t\t\t\t\t<a class=\"elementor-button elementor-button-link elementor-size-sm\" href=\"#\">\n\t\t\t\t\t\t<span class=\"elementor-button-content-wrapper\">\n\t\t\t\t\t\t<span class=\"elementor-button-icon\">\n\t\t\t\t<i aria-hidden=\"true\" class=\"rtmicon rtmicon-arrow-up-right\"><\/i>\t\t\t<\/span>\n\t\t\t\t\t\t\t\t\t<span class=\"elementor-button-text\">Fa\u00e7a seu agendamento<\/span>\n\t\t\t\t\t<\/span>\n\t\t\t\t\t<\/a>\n\t\t\t\t\t\t\t\t<\/div>\n\t\t\t\t<\/div>\n\t\t<div class=\"elementor-element elementor-element-186e8dc e-con-full e-flex e-con e-child\" data-id=\"186e8dc\" data-element_type=\"container\">\n\t\t<div class=\"elementor-element elementor-element-b59bc4f e-con-full e-flex e-con e-child\" data-id=\"b59bc4f\" data-element_type=\"container\">\n\t\t<div class=\"elementor-element elementor-element-398ccd2 e-con-full e-flex e-con e-child\" data-id=\"398ccd2\" data-element_type=\"container\" data-settings=\"{&quot;background_background&quot;:&quot;classic&quot;}\">\n\t\t<div class=\"elementor-element elementor-element-a52b585 e-con-full e-flex e-con e-child\" data-id=\"a52b585\" data-element_type=\"container\">\n\t\t\t\t<div class=\"elementor-element elementor-element-3cbf754 elementor-view-stacked elementor-shape-circle elementor-widget elementor-widget-icon\" data-id=\"3cbf754\" data-element_type=\"widget\" data-widget_type=\"icon.default\">\n\t\t\t\t\t\t\t<div class=\"elementor-icon-wrapper\">\n\t\t\t<div class=\"elementor-icon\">\n\t\t\t<i aria-hidden=\"true\" class=\"rtmicon rtmicon-body-treatment\"><\/i>\t\t\t<\/div>\n\t\t<\/div>\n\t\t\t\t\t\t<\/div>\n\t\t\t\t<div class=\"elementor-element elementor-element-2d39036 elementor-widget elementor-widget-heading\" data-id=\"2d39036\" data-element_type=\"widget\" data-widget_type=\"heading.default\">\n\t\t\t\t\t<h4 class=\"elementor-heading-title elementor-size-default\">Testes Cut\u00e2neos (Prick Test)<\/h4>\t\t\t\t<\/div>\n\t\t\t\t<div class=\"elementor-element elementor-element-0bc32a3 elementor-widget elementor-widget-text-editor\" data-id=\"0bc32a3\" data-element_type=\"widget\" data-widget_type=\"text-editor.default\">\n\t\t\t\t\t\t\t\t\t<p dir=\"ltr\" data-pm-slice=\"1 1 [&quot;bulletList&quot;,{&quot;tight&quot;:true,&quot;dir&quot;:&quot;ltr&quot;},&quot;listItem&quot;,{}]\">Para inalantes (\u00e1caros, fungos, p\u00f3lens, pelos de animais) e alimentos.<\/p>\t\t\t\t\t\t\t\t<\/div>\n\t\t\t\t<\/div>\n\t\t<div class=\"elementor-element elementor-element-e6d4e18 e-con-full e-flex e-con e-child\" data-id=\"e6d4e18\" data-element_type=\"container\" data-settings=\"{&quot;background_background&quot;:&quot;classic&quot;}\">\n\t\t\t\t<div class=\"elementor-element elementor-element-1a20afe elementor-widget elementor-widget-spacer\" data-id=\"1a20afe\" data-element_type=\"widget\" data-widget_type=\"spacer.default\">\n\t\t\t\t\t\t\t<div class=\"elementor-spacer\">\n\t\t\t<div class=\"elementor-spacer-inner\"><\/div>\n\t\t<\/div>\n\t\t\t\t\t\t<\/div>\n\t\t\t\t<\/div>\n\t\t\t\t<\/div>\n\t\t<div class=\"elementor-element elementor-element-fa6c680 e-con-full e-flex e-con e-child\" data-id=\"fa6c680\" data-element_type=\"container\" data-settings=\"{&quot;background_background&quot;:&quot;classic&quot;}\">\n\t\t<div class=\"elementor-element elementor-element-953e0ee e-con-full e-flex e-con e-child\" data-id=\"953e0ee\" data-element_type=\"container\">\n\t\t\t\t<div class=\"elementor-element elementor-element-c50feb5 elementor-view-stacked elementor-shape-circle elementor-widget elementor-widget-icon\" data-id=\"c50feb5\" data-element_type=\"widget\" data-widget_type=\"icon.default\">\n\t\t\t\t\t\t\t<div class=\"elementor-icon-wrapper\">\n\t\t\t<div class=\"elementor-icon\">\n\t\t\t<i aria-hidden=\"true\" class=\"rtmicon rtmicon-body-treatment\"><\/i>\t\t\t<\/div>\n\t\t<\/div>\n\t\t\t\t\t\t<\/div>\n\t\t\t\t<div class=\"elementor-element elementor-element-46d8562 elementor-widget elementor-widget-heading\" data-id=\"46d8562\" data-element_type=\"widget\" data-widget_type=\"heading.default\">\n\t\t\t\t\t<h4 class=\"elementor-heading-title elementor-size-default\">Imunoterapia Sublingual e Subcut\u00e2nea<\/h4>\t\t\t\t<\/div>\n\t\t\t\t<div class=\"elementor-element elementor-element-0608f70 elementor-widget elementor-widget-text-editor\" data-id=\"0608f70\" data-element_type=\"widget\" data-widget_type=\"text-editor.default\">\n\t\t\t\t\t\t\t\t\t<p dir=\"ltr\" data-pm-slice=\"1 1 [&quot;bulletList&quot;,{&quot;tight&quot;:true,&quot;dir&quot;:&quot;ltr&quot;},&quot;listItem&quot;,{}]\">Tratamento personalizado para alergias a \u00e1caros, gram\u00edneas, epit\u00e9lios de animais (c\u00e3es e gatos), venenos de insetos, c\u00e2ndida albicans e alergias bacterianas.<\/p>\t\t\t\t\t\t\t\t<\/div>\n\t\t\t\t<\/div>\n\t\t<div class=\"elementor-element elementor-element-7b10dc7 e-con-full e-flex e-con e-child\" data-id=\"7b10dc7\" data-element_type=\"container\" data-settings=\"{&quot;background_background&quot;:&quot;classic&quot;}\">\n\t\t\t\t<div class=\"elementor-element elementor-element-cb4d236 elementor-widget elementor-widget-spacer\" data-id=\"cb4d236\" data-element_type=\"widget\" data-widget_type=\"spacer.default\">\n\t\t\t\t\t\t\t<div class=\"elementor-spacer\">\n\t\t\t<div class=\"elementor-spacer-inner\"><\/div>\n\t\t<\/div>\n\t\t\t\t\t\t<\/div>\n\t\t\t\t<\/div>\n\t\t\t\t<\/div>\n\t\t<div class=\"elementor-element elementor-element-3d7b291 e-con-full e-flex e-con e-child\" data-id=\"3d7b291\" data-element_type=\"container\" data-settings=\"{&quot;background_background&quot;:&quot;classic&quot;}\">\n\t\t<div class=\"elementor-element elementor-element-c96df47 e-con-full e-flex e-con e-child\" data-id=\"c96df47\" data-element_type=\"container\">\n\t\t\t\t<div class=\"elementor-element elementor-element-8748cbc elementor-view-stacked elementor-shape-circle elementor-widget elementor-widget-icon\" data-id=\"8748cbc\" data-element_type=\"widget\" data-widget_type=\"icon.default\">\n\t\t\t\t\t\t\t<div class=\"elementor-icon-wrapper\">\n\t\t\t<div class=\"elementor-icon\">\n\t\t\t<i aria-hidden=\"true\" class=\"rtmicon rtmicon-body-treatment\"><\/i>\t\t\t<\/div>\n\t\t<\/div>\n\t\t\t\t\t\t<\/div>\n\t\t\t\t<div class=\"elementor-element elementor-element-b573f0a elementor-widget elementor-widget-heading\" data-id=\"b573f0a\" data-element_type=\"widget\" data-widget_type=\"heading.default\">\n\t\t\t\t\t<h4 class=\"elementor-heading-title elementor-size-default\">Testes de Contato (Patch Test)<\/h4>\t\t\t\t<\/div>\n\t\t\t\t<div class=\"elementor-element elementor-element-9fa2d35 elementor-widget elementor-widget-text-editor\" data-id=\"9fa2d35\" data-element_type=\"widget\" data-widget_type=\"text-editor.default\">\n\t\t\t\t\t\t\t\t\t<p dir=\"ltr\" data-pm-slice=\"1 1 [&quot;bulletList&quot;,{&quot;tight&quot;:true,&quot;dir&quot;:&quot;ltr&quot;},&quot;listItem&quot;,{}]\">Tratamento personalizado para alergias a \u00e1caros, gram\u00edneas, epit\u00e9lios de animais (c\u00e3es e gatos), venenos de insetos, c\u00e2ndida albicans e alergias bacterianas.<\/p>\t\t\t\t\t\t\t\t<\/div>\n\t\t\t\t<div class=\"elementor-element elementor-element-9180c37 elementor-widget elementor-widget-text-editor\" data-id=\"9180c37\" data-element_type=\"widget\" data-widget_type=\"text-editor.default\">\n\t\t\t\t\t\t\t\t\t<p dir=\"ltr\" data-pm-slice=\"1 1 [&quot;bulletList&quot;,{&quot;tight&quot;:true,&quot;dir&quot;:&quot;ltr&quot;},&quot;listItem&quot;,{}]\">Para identificar alergias a cosm\u00e9ticos, alimentos, unhas e outros.<\/p>\t\t\t\t\t\t\t\t<\/div>\n\t\t\t\t<\/div>\n\t\t<div class=\"elementor-element elementor-element-cf68cd8 e-con-full e-flex e-con e-child\" data-id=\"cf68cd8\" data-element_type=\"container\" data-settings=\"{&quot;background_background&quot;:&quot;classic&quot;}\">\n\t\t\t\t<div class=\"elementor-element elementor-element-8b70fba elementor-widget elementor-widget-spacer\" data-id=\"8b70fba\" data-element_type=\"widget\" data-widget_type=\"spacer.default\">\n\t\t\t\t\t\t\t<div class=\"elementor-spacer\">\n\t\t\t<div class=\"elementor-spacer-inner\"><\/div>\n\t\t<\/div>\n\t\t\t\t\t\t<\/div>\n\t\t\t\t<\/div>\n\t\t\t\t<\/div>\n\t\t\t\t<\/div>\n\t\t<div class=\"elementor-element elementor-element-52040a2 e-con-full e-flex e-con e-child\" data-id=\"52040a2\" data-element_type=\"container\">\n\t\t<div class=\"elementor-element elementor-element-ce54522 e-con-full e-flex e-con e-child\" data-id=\"ce54522\" data-element_type=\"container\" data-settings=\"{&quot;background_background&quot;:&quot;classic&quot;}\">\n\t\t<div class=\"elementor-element elementor-element-18d64b0 e-con-full e-flex e-con e-child\" data-id=\"18d64b0\" data-element_type=\"container\">\n\t\t\t\t<div class=\"elementor-element elementor-element-55b4f10 elementor-view-stacked elementor-shape-circle elementor-widget elementor-widget-icon\" data-id=\"55b4f10\" data-element_type=\"widget\" data-widget_type=\"icon.default\">\n\t\t\t\t\t\t\t<div class=\"elementor-icon-wrapper\">\n\t\t\t<div class=\"elementor-icon\">\n\t\t\t<i aria-hidden=\"true\" class=\"rtmicon rtmicon-body-treatment\"><\/i>\t\t\t<\/div>\n\t\t<\/div>\n\t\t\t\t\t\t<\/div>\n\t\t\t\t<div class=\"elementor-element elementor-element-5b9c762 elementor-widget elementor-widget-heading\" data-id=\"5b9c762\" data-element_type=\"widget\" data-widget_type=\"heading.default\">\n\t\t\t\t\t<h4 class=\"elementor-heading-title elementor-size-default\">Testes de Provoca\u00e7\u00e3o Oral:<\/h4>\t\t\t\t<\/div>\n\t\t\t\t<div class=\"elementor-element elementor-element-aede2d4 elementor-widget elementor-widget-text-editor\" data-id=\"aede2d4\" data-element_type=\"widget\" data-widget_type=\"text-editor.default\">\n\t\t\t\t\t\t\t\t\t<p dir=\"ltr\" data-pm-slice=\"1 1 [&quot;bulletList&quot;,{&quot;tight&quot;:true,&quot;dir&quot;:&quot;ltr&quot;},&quot;listItem&quot;,{}]\">Para alimentos e medicamentos, garantindo diagn\u00f3sticos precisos.<\/p>\t\t\t\t\t\t\t\t<\/div>\n\t\t\t\t<\/div>\n\t\t<div class=\"elementor-element elementor-element-f3cb1a0 e-con-full e-flex e-con e-child\" data-id=\"f3cb1a0\" data-element_type=\"container\" data-settings=\"{&quot;background_background&quot;:&quot;classic&quot;}\">\n\t\t\t\t<div class=\"elementor-element elementor-element-1119d29 elementor-widget elementor-widget-spacer\" data-id=\"1119d29\" data-element_type=\"widget\" data-widget_type=\"spacer.default\">\n\t\t\t\t\t\t\t<div class=\"elementor-spacer\">\n\t\t\t<div class=\"elementor-spacer-inner\"><\/div>\n\t\t<\/div>\n\t\t\t\t\t\t<\/div>\n\t\t\t\t<\/div>\n\t\t\t\t<\/div>\n\t\t<div class=\"elementor-element elementor-element-71e80d2 e-con-full e-flex e-con e-child\" data-id=\"71e80d2\" data-element_type=\"container\">\n\t\t\t\t<div class=\"elementor-element elementor-element-ddba677 elementor-view-stacked elementor-shape-circle elementor-widget elementor-widget-icon\" data-id=\"ddba677\" data-element_type=\"widget\" data-widget_type=\"icon.default\">\n\t\t\t\t\t\t\t<div class=\"elementor-icon-wrapper\">\n\t\t\t<div class=\"elementor-icon\">\n\t\t\t<i aria-hidden=\"true\" class=\"rtmicon rtmicon-family-law\"><\/i>\t\t\t<\/div>\n\t\t<\/div>\n\t\t\t\t\t\t<\/div>\n\t\t\t\t<div class=\"elementor-element elementor-element-97e31c7 elementor-widget elementor-widget-heading\" data-id=\"97e31c7\" data-element_type=\"widget\" data-widget_type=\"heading.default\">\n\t\t\t\t\t<h4 class=\"elementor-heading-title elementor-size-default\">Dessensibiliza\u00e7\u00e3o Alimentar<\/h4>\t\t\t\t<\/div>\n\t\t\t\t<div class=\"elementor-element elementor-element-51efd43 elementor-widget elementor-widget-text-editor\" data-id=\"51efd43\" data-element_type=\"widget\" data-widget_type=\"text-editor.default\">\n\t\t\t\t\t\t\t\t\t<p dir=\"ltr\" data-pm-slice=\"1 1 [&quot;bulletList&quot;,{&quot;tight&quot;:true,&quot;dir&quot;:&quot;ltr&quot;},&quot;listItem&quot;,{}]\">Para casos de alergia alimentar persistente, ajudando a melhorar a qualidade de vida.<\/p>\t\t\t\t\t\t\t\t<\/div>\n\t\t\t\t<\/div>\n\t\t<div class=\"elementor-element elementor-element-6b546f5 e-con-full e-flex e-con e-child\" data-id=\"6b546f5\" data-element_type=\"container\" data-settings=\"{&quot;background_background&quot;:&quot;classic&quot;}\">\n\t\t\t\t<\/div>\n\t\t\t\t<\/div>\n\t\t\t\t<\/div>\n\t\t\t\t<\/div>\n\t\t\t\t\t<\/div>\n\t\t\t\t<\/div>\n\t\t\t\t<\/div>\n\t\t","protected":false},"excerpt":{"rendered":"<p>O que oferecemos Testes e Tratamentos Dispon\u00edveis Utilizamos as t\u00e9cnicas mais avan\u00e7adas para diagn\u00f3stico e tratamento, sempre com seguran\u00e7a e precis\u00e3o: Fa\u00e7a seu agendamento Testes Cut\u00e2neos (Prick Test) Para inalantes (\u00e1caros, fungos, p\u00f3lens, pelos de animais) e alimentos. Imunoterapia Sublingual e Subcut\u00e2nea Tratamento personalizado para alergias a \u00e1caros, gram\u00edneas, epit\u00e9lios de animais (c\u00e3es e gatos), [&hellip;]<\/p>\n","protected":false},"author":1,"featured_media":0,"parent":0,"menu_order":0,"comment_status":"closed","ping_status":"closed","template":"elementor_header_footer","meta":{"footnotes":""},"class_list":["post-177","page","type-page","status-publish","hentry"],"_links":{"self":[{"href":"https:\/\/dramarinaamoroso.com.br\/index.php?rest_route=\/wp\/v2\/pages\/177","targetHints":{"allow":["GET"]}}],"collection":[{"href":"https:\/\/dramarinaamoroso.com.br\/index.php?rest_route=\/wp\/v2\/pages"}],"about":[{"href":"https:\/\/dramarinaamoroso.com.br\/index.php?rest_route=\/wp\/v2\/types\/page"}],"author":[{"embeddable":true,"href":"https:\/\/dramarinaamoroso.com.br\/index.php?rest_route=\/wp\/v2\/users\/1"}],"replies":[{"embeddable":true,"href":"https:\/\/dramarinaamoroso.com.br\/index.php?rest_route=%2Fwp%2Fv2%2Fcomments&post=177"}],"version-history":[{"count":13,"href":"https:\/\/dramarinaamoroso.com.br\/index.php?rest_route=\/wp\/v2\/pages\/177\/revisions"}],"predecessor-version":[{"id":234,"href":"https:\/\/dramarinaamoroso.com.br\/index.php?rest_route=\/wp\/v2\/pages\/177\/revisions\/234"}],"wp:attachment":[{"href":"https:\/\/dramarinaamoroso.com.br\/index.php?rest_route=%2Fwp%2Fv2%2Fmedia&parent=177"}],"curies":[{"name":"wp","href":"https:\/\/api.w.org\/{rel}","templated":true}]}}